{"id":2061,"date":"2026-01-27T15:19:49","date_gmt":"2026-01-27T20:19:49","guid":{"rendered":"https:\/\/petiteitalie.com\/?page_id=2061"},"modified":"2026-03-19T14:56:53","modified_gmt":"2026-03-19T18:56:53","slug":"offres-demplois-dans-la-petite-italie","status":"publish","type":"page","link":"https:\/\/petiteitalie.com\/en\/offres-demplois-dans-la-petite-italie\/","title":{"rendered":"Job offers in Little Italy, Montreal"},"content":{"rendered":"\n<p>Here is a list of job listings in Montreal&#8217;s Little Italy. <\/p>\n\n\n\n<p>Working in Little Italy means working in a dynamic, close-knit neighbourhood constantly evolving!<\/p>\n\n\n\n<p>As the jobs are in bilingual Montreal, most job offer listings are in English.<\/p>\n\n\n<section class=\"block-accordions-group accordion-container aligndefault\">\n  \n<div id=\"vortex-solution-chargee-de-projets-web\" class=\"accordion ac\">\n  <div class=\"accordion__accordion\">\n    <button class=\"accordion__header-row accordion-toggle ac-header ac-trigger\">\n      <p class=\"accordion__header__title\">        Vortex Solution &#8211; Charg\u00e9(e) de projets web      <\/p>      <span class=\"accordion__header__icon\" role=\"presentation\">\n        <span class=\"plus\"><\/span>\n      <\/span>\n    <\/button>\n    <div class=\"accordion__sub-rows wysiwyg ac-panel\">\n      \n\n<p>Type de poste: Permanent&nbsp;<br>Horaire : Temps plein (37.5h\/semaine)&nbsp;<br>Mode\u202f: Pr\u00e9sentiel<br><br><strong>Chez Vortex Solution, l\u2019harmonie guide notre approche<\/strong>. Entreprise qu\u00e9b\u00e9coise fi\u00e8re de ses racines, nous d\u00e9veloppons des solutions web innovantes qui cr\u00e9ent un v\u00e9ritable impact pour nos clients, notre \u00e9quipe et notre communaut\u00e9. Nous valorisons un environnement de travail collaboratif, respectueux et propice \u00e0 l\u2019\u00e9panouissement de chacun.e. Si vous d\u00e9sirez mettre votre expertise au service de projets stimulants dans un environnement dynamique et humain, rejoignez-nous et contribuez \u00e0 faire la diff\u00e9rence !<br><br><strong><u>R\u00f4le<\/u><\/strong><br>Sous la supervision du Directeur Exp\u00e9rience client, le\/la Charg\u00e9(e) de projets web sera responsable de la gestion compl\u00e8te des projets num\u00e9riques, de l\u2019analyse des besoins \u00e0 la mise en ligne. En tant qu\u2019interlocuteur principal des clients, il\/elle veillera au respect des budgets, des \u00e9ch\u00e9anciers, et des objectifs d\u00e9finis, tout en assurant une collaboration efficace avec les \u00e9quipes internes.<\/p>\n\n\n\n<div class=\"wp-block-buttons is-content-justification-center is-layout-flex wp-container-core-buttons-is-layout-a89b3969 wp-block-buttons-is-layout-flex\">\n<div class=\"wp-block-button\"><a class=\"wp-block-button__link wp-element-button\" href=\"https:\/\/www.vortexsolution.com\/carriere\/charge-e-de-projets\/\" target=\"_blank\" rel=\"noopener\">Read the full description<\/a><\/div>\n<\/div>\n\n    <\/div>\n  <\/div>\n<\/div>\n\n\n<div id=\"kinatex-jarry-petite-italie-agent-e-relations-clientele\" class=\"accordion ac\">\n  <div class=\"accordion__accordion\">\n    <button class=\"accordion__header-row accordion-toggle ac-header ac-trigger\">\n      <p class=\"accordion__header__title\">        Kinatex Jarry-Petite Italie &#8211; Agent.e relations client\u00e8le      <\/p>      <span class=\"accordion__header__icon\" role=\"presentation\">\n        <span class=\"plus\"><\/span>\n      <\/span>\n    <\/button>\n    <div class=\"accordion__sub-rows wysiwyg ac-panel\">\n      \n\n<p>Temps partiel : entre 10 \u00e0 15 heures par semaine;<br>Horaire: flexible;<br>Disponibilit\u00e9s : du lundi au vendredi de jour et\/ou soir et samedi de jour;<br>Date d\u2019entr\u00e9e en fonction : d\u00e8s que possible;<br><br><strong>Joindre Kinatex Sports Jarry-Petite Italie&nbsp;<\/strong>, c\u2019est joindre une grande famille de gens passionn\u00e9s et comp\u00e9tents qui n\u2019attendent que de partager le succ\u00e8s avec toi! Notre entreprise est stimulante, ax\u00e9e sur la collaboration, centr\u00e9e sur le client et le tout, dans un environnement de travail sain.<br>L\u2019agent.e relations client\u00e8le est la premi\u00e8re personne qui prend soin des clients et leur vient en aide soit par t\u00e9l\u00e9phone ou \u00e0 l\u2019accueil de la clinique. Tu dois livrer une exp\u00e9rience client de qualit\u00e9 sup\u00e9rieure, \u00e9valuer rapidement les situations et fournir de l\u2019information. Tu g\u00e8res \u00e9galement les rendez-vous en utilisant le logiciel ClinicMaster.<\/p>\n\n\n\n<div class=\"wp-block-buttons is-content-justification-center is-layout-flex wp-container-core-buttons-is-layout-a89b3969 wp-block-buttons-is-layout-flex\">\n<div class=\"wp-block-button\"><a class=\"wp-block-button__link wp-element-button\" href=\"https:\/\/www.recruit.net\/job\/agent-e-relations-clientele-kinatex-jobs\/5D210CCF9B24354D\" target=\"_blank\" rel=\"noopener\">Read the full description<\/a><\/div>\n<\/div>\n\n    <\/div>\n  <\/div>\n<\/div>\n\n<\/section>\n","protected":false},"excerpt":{"rendered":"<p>Here is a list of job listings in Montreal&#8217;s Little Italy. Working in Little Italy means working in a dynamic,&hellip;<\/p>\n","protected":false},"author":4,"featured_media":0,"parent":0,"menu_order":0,"comment_status":"closed","ping_status":"closed","template":"","meta":{"_acf_changed":false,"footnotes":""},"class_list":["post-2061","page","type-page","status-publish","hentry"],"acf":[],"_links":{"self":[{"href":"https:\/\/petiteitalie.com\/en\/wp-json\/wp\/v2\/pages\/2061","targetHints":{"allow":["GET"]}}],"collection":[{"href":"https:\/\/petiteitalie.com\/en\/wp-json\/wp\/v2\/pages"}],"about":[{"href":"https:\/\/petiteitalie.com\/en\/wp-json\/wp\/v2\/types\/page"}],"author":[{"embeddable":true,"href":"https:\/\/petiteitalie.com\/en\/wp-json\/wp\/v2\/users\/4"}],"replies":[{"embeddable":true,"href":"https:\/\/petiteitalie.com\/en\/wp-json\/wp\/v2\/comments?post=2061"}],"version-history":[{"count":5,"href":"https:\/\/petiteitalie.com\/en\/wp-json\/wp\/v2\/pages\/2061\/revisions"}],"predecessor-version":[{"id":2182,"href":"https:\/\/petiteitalie.com\/en\/wp-json\/wp\/v2\/pages\/2061\/revisions\/2182"}],"wp:attachment":[{"href":"https:\/\/petiteitalie.com\/en\/wp-json\/wp\/v2\/media?parent=2061"}],"curies":[{"name":"wp","href":"https:\/\/api.w.org\/{rel}","templated":true}]}}